{"id":11,"date":"2021-02-02T15:43:02","date_gmt":"2021-02-02T15:43:02","guid":{"rendered":"https:\/\/loggiadellerondini.com\/?page_id=11"},"modified":"2021-02-23T18:51:50","modified_gmt":"2021-02-23T18:51:50","slug":"appartamenti","status":"publish","type":"page","link":"https:\/\/loggiadellerondini.com\/?page_id=11","title":{"rendered":"Appartamenti"},"content":{"rendered":"<p>[et_pb_section fb_built=&#8221;1&#8243; fullwidth=&#8221;on&#8221; _builder_version=&#8221;4.8.2&#8243; _module_preset=&#8221;default&#8221; background_color=&#8221;RGBA(0,0,0,0)&#8221;][et_pb_fullwidth_slider module_class=&#8221;et_fullscreen_slider&#8221; _builder_version=&#8221;4.8.2&#8243; _module_preset=&#8221;default&#8221; background_color=&#8221;RGBA(0,0,0,0)&#8221; background_enable_image=&#8221;off&#8221; custom_button=&#8221;on&#8221; button_text_size=&#8221;20px&#8221; button_border_width=&#8221;0.5px&#8221; button_border_radius=&#8221;24px&#8221; min_height=&#8221;570px&#8221; custom_padding=&#8221;||201px|||&#8221; locked=&#8221;off&#8221;][et_pb_slide _builder_version=&#8221;4.8.2&#8243; _module_preset=&#8221;default&#8221; background_image=&#8221;https:\/\/loggiadellerondini.com\/wp-content\/uploads\/2021\/02\/DSC04753.jpg&#8221; background_enable_image=&#8221;on&#8221; locked=&#8221;off&#8221; sticky_transition=&#8221;on&#8221;][\/et_pb_slide][\/et_pb_fullwidth_slider][\/et_pb_section][et_pb_section fb_built=&#8221;1&#8243; _builder_version=&#8221;4.8.2&#8243; _module_preset=&#8221;default&#8221; min_height=&#8221;24px&#8221; custom_margin=&#8221;||18px|||&#8221; custom_padding=&#8221;28px||0px|||&#8221; locked=&#8221;off&#8221;][et_pb_row _builder_version=&#8221;4.8.2&#8243; _module_preset=&#8221;default&#8221; width=&#8221;52.2%&#8221; min_height=&#8221;56px&#8221; custom_padding=&#8221;||4px|||&#8221;][et_pb_column type=&#8221;4_4&#8243; _builder_version=&#8221;4.8.2&#8243; _module_preset=&#8221;default&#8221;][et_pb_text _builder_version=&#8221;4.8.2&#8243; _module_preset=&#8221;default&#8221; text_text_color=&#8221;#000000&#8243; header_text_color=&#8221;#414141&#8243; header_2_font=&#8221;Playfair Display|700|||||||&#8221; header_2_text_color=&#8221;#000000&#8243; header_2_font_size=&#8221;24px&#8221; width=&#8221;100%&#8221; min_height=&#8221;16px&#8221; custom_margin=&#8221;|||-3px||&#8221; custom_padding=&#8221;0px||4px|||&#8221; border_width_bottom=&#8221;0.25px&#8221; border_color_bottom=&#8221;#414141&#8243;]<\/p>\n<h2 class=\"font_0\" style=\"text-align: center;\">Appartamenti<\/h2>\n<p>[\/et_pb_text][\/et_pb_column][\/et_pb_row][\/et_pb_section][et_pb_section fb_built=&#8221;1&#8243; _builder_version=&#8221;4.8.2&#8243; _module_preset=&#8221;default&#8221; min_height=&#8221;142px&#8221; custom_margin=&#8221;||-54px|||&#8221; custom_padding=&#8221;0px|||||&#8221; locked=&#8221;off&#8221;][et_pb_row _builder_version=&#8221;4.8.2&#8243; _module_preset=&#8221;default&#8221; custom_padding=&#8221;0px||17px|||&#8221;][et_pb_column type=&#8221;4_4&#8243; _builder_version=&#8221;4.8.2&#8243; _module_preset=&#8221;default&#8221;][et_pb_text _builder_version=&#8221;4.8.2&#8243; _module_preset=&#8221;default&#8221; text_font=&#8221;Playfair Display||||||||&#8221; text_text_color=&#8221;#000000&#8243; text_font_size=&#8221;16px&#8221; text_line_height=&#8221;1.5em&#8221; header_font=&#8221;Playfair Display||||||||&#8221; header_line_height=&#8221;1.7em&#8221; header_5_font=&#8221;Playfair Display||||||||&#8221; header_5_text_color=&#8221;#000000&#8243; text_orientation=&#8221;center&#8221; min_height=&#8221;73px&#8221; custom_margin=&#8221;5px|||||&#8221; custom_padding=&#8221;11px|||||&#8221; text_font_size_tablet=&#8221;&#8221; text_font_size_phone=&#8221;14px&#8221; text_font_size_last_edited=&#8221;on|phone&#8221; header_font_size_tablet=&#8221;&#8221; header_font_size_phone=&#8221;16px&#8221; header_font_size_last_edited=&#8221;on|phone&#8221; header_line_height_tablet=&#8221;&#8221; header_line_height_phone=&#8221;1.5em&#8221; header_line_height_last_edited=&#8221;on|phone&#8221; header_5_font_size_tablet=&#8221;&#8221; header_5_font_size_phone=&#8221;16px&#8221; header_5_font_size_last_edited=&#8221;on|phone&#8221; header_5_letter_spacing_tablet=&#8221;&#8221; header_5_letter_spacing_phone=&#8221;0px&#8221; header_5_letter_spacing_last_edited=&#8221;on|phone&#8221; header_5_line_height_tablet=&#8221;&#8221; header_5_line_height_phone=&#8221;1.3em&#8221; header_5_line_height_last_edited=&#8221;on|phone&#8221;]<\/p>\n<p style=\"text-align: center;\">L&#8217; Agriturismo Loggia delle Rondini \u00e9 composto da appartamenti di diverse metrature che possono soddisfare esigenze diverse; qui arredi curati ed ambienti accoglienti sono messi a disposizione dei nostri ospiti.<\/p>\n<p style=\"text-align: center;\">Un grazioso giardino con bella vista sull\u2019azzurro mare, in cui trascorrere tranquillamente alcuni momenti della giornata, \u00e8 a disposizione di chi preferisce restare ad assaporare la calma che solo un luogo incontaminato ancora pu\u00f2 offrire.<br \/> Ideale per chi desideri riscoprire l&#8217;autenticit\u00e0 che solo un piccolo centro rurale pu\u00f2 ancora offrire e per chi aspiri a trascorrere un soggiorno nella totale tranquillit\u00e0.<\/p>\n<p>[\/et_pb_text][\/et_pb_column][\/et_pb_row][\/et_pb_section][et_pb_section fb_built=&#8221;1&#8243; _builder_version=&#8221;4.8.2&#8243; _module_preset=&#8221;default&#8221; min_height=&#8221;1029px&#8221; custom_margin=&#8221;-19px|||||&#8221; custom_padding=&#8221;||0px|||&#8221; locked=&#8221;off&#8221;][et_pb_row column_structure=&#8221;1_3,1_3,1_3&#8243; _builder_version=&#8221;4.8.2&#8243; _module_preset=&#8221;default&#8221; custom_padding=&#8221;||2px|||&#8221;][et_pb_column type=&#8221;1_3&#8243; _builder_version=&#8221;4.8.2&#8243; _module_preset=&#8221;default&#8221;][et_pb_blurb title=&#8221;Loggia&#8221; url=&#8221;https:\/\/loggiadellerondini.com\/?page_id=29&#8243; image=&#8221;https:\/\/loggiadellerondini.com\/wp-content\/uploads\/2021\/02\/28-bis-1-scaled.jpg&#8221; alt=&#8221;Appartamenti&#8221; _builder_version=&#8221;4.8.2&#8243; _module_preset=&#8221;default&#8221; header_level=&#8221;h3&#8243; header_font=&#8221;Playfair Display|700|||||||&#8221; header_text_color=&#8221;#000000&#8243; header_font_size=&#8221;20px&#8221; body_font=&#8221;Alata|600|||||||&#8221; body_text_color=&#8221;#414141&#8243; text_orientation=&#8221;center&#8221;][\/et_pb_blurb][\/et_pb_column][et_pb_column type=&#8221;1_3&#8243; _builder_version=&#8221;4.8.2&#8243; _module_preset=&#8221;default&#8221;][et_pb_blurb title=&#8221;Frantoio&#8221; url=&#8221;https:\/\/loggiadellerondini.com\/?page_id=31&#8243; image=&#8221;https:\/\/loggiadellerondini.com\/wp-content\/uploads\/2021\/02\/Frantoio.jpg&#8221; alt=&#8221;Lingueglietta&#8221; _builder_version=&#8221;4.8.2&#8243; _module_preset=&#8221;default&#8221; header_font=&#8221;Playfair Display|700|||||||&#8221; header_text_color=&#8221;#000000&#8243; header_font_size=&#8221;20px&#8221; body_font=&#8221;Alata||||||||&#8221; text_orientation=&#8221;center&#8221; border_color_all_image=&#8221;#414141&#8243;][\/et_pb_blurb][\/et_pb_column][et_pb_column type=&#8221;1_3&#8243; _builder_version=&#8221;4.8.2&#8243; _module_preset=&#8221;default&#8221;][et_pb_blurb title=&#8221;Volta&#8221; url=&#8221;https:\/\/loggiadellerondini.com\/?page_id=33&#8243; image=&#8221;https:\/\/loggiadellerondini.com\/wp-content\/uploads\/2021\/02\/Volta.jpg&#8221; alt=&#8221;Dintorni&#8221; _builder_version=&#8221;4.8.2&#8243; _module_preset=&#8221;default&#8221; header_level=&#8221;h3&#8243; header_font=&#8221;Playfair Display|700|||||||&#8221; header_text_color=&#8221;#000000&#8243; header_font_size=&#8221;20px&#8221; text_orientation=&#8221;center&#8221;][\/et_pb_blurb][\/et_pb_column][\/et_pb_row][et_pb_row column_structure=&#8221;1_2,1_2&#8243; _builder_version=&#8221;4.8.2&#8243; _module_preset=&#8221;default&#8221; transform_scale=&#8221;80%|80%&#8221; transform_translate=&#8221;-19px|0px&#8221; width=&#8221;61%&#8221; width_tablet=&#8221;&#8221; width_phone=&#8221;80%&#8221; width_last_edited=&#8221;on|phone&#8221; max_width=&#8221;1550px&#8221; module_alignment=&#8221;center&#8221; min_height=&#8221;519px&#8221;][et_pb_column type=&#8221;1_2&#8243; _builder_version=&#8221;4.8.2&#8243; _module_preset=&#8221;default&#8221;][et_pb_blurb title=&#8221;Tina&#8221; url=&#8221;https:\/\/loggiadellerondini.com\/?page_id=35&#8243; image=&#8221;https:\/\/loggiadellerondini.com\/wp-content\/uploads\/2021\/02\/Tina.jpg&#8221; alt=&#8221;Appartamenti&#8221; _builder_version=&#8221;4.8.2&#8243; _module_preset=&#8221;default&#8221; header_level=&#8221;h3&#8243; header_font=&#8221;Playfair Display|700|||||||&#8221; header_text_color=&#8221;#000000&#8243; header_font_size=&#8221;24px&#8221; body_font=&#8221;Alata|600|||||||&#8221; body_text_color=&#8221;#414141&#8243; text_orientation=&#8221;center&#8221;][\/et_pb_blurb][\/et_pb_column][et_pb_column type=&#8221;1_2&#8243; _builder_version=&#8221;4.8.2&#8243; _module_preset=&#8221;default&#8221;][et_pb_blurb title=&#8221;Grotta&#8221; url=&#8221;https:\/\/loggiadellerondini.com\/?page_id=37&#8243; image=&#8221;https:\/\/loggiadellerondini.com\/wp-content\/uploads\/2021\/02\/Grotta.jpg&#8221; alt=&#8221;Lingueglietta&#8221; _builder_version=&#8221;4.8.2&#8243; _module_preset=&#8221;default&#8221; header_font=&#8221;Playfair Display|700|||||||&#8221; header_text_color=&#8221;#000000&#8243; header_font_size=&#8221;24px&#8221; body_font=&#8221;Alata||||||||&#8221; text_orientation=&#8221;center&#8221; border_color_all_image=&#8221;#414141&#8243;][\/et_pb_blurb][\/et_pb_column][\/et_pb_row][\/et_pb_section]<\/p>\n","protected":false},"excerpt":{"rendered":"<p>AppartamentiL&#8217; Agriturismo Loggia delle Rondini \u00e9 composto da appartamenti di diverse metrature che possono soddisfare esigenze diverse; qui arredi curati ed ambienti accoglienti sono messi a disposizione dei nostri ospiti. Un grazioso giardino con bella vista sull\u2019azzurro mare, in cui trascorrere tranquillamente alcuni momenti della giornata, \u00e8 a disposizione di chi preferisce restare ad assaporare [&hellip;]<\/p>\n","protected":false},"author":1,"featured_media":0,"parent":0,"menu_order":0,"comment_status":"closed","ping_status":"closed","template":"","meta":{"_et_pb_use_builder":"on","_et_pb_old_content":"<!-- wp:divi\/placeholder \/-->","_et_gb_content_width":"","footnotes":""},"class_list":["post-11","page","type-page","status-publish","hentry"],"yoast_head":"<!-- This site is optimized with the Yoast SEO plugin v27.4 - https:\/\/yoast.com\/product\/yoast-seo-wordpress\/ -->\n<title>Appartamenti - Loggia delle Rondini<\/title>\n<meta name=\"robots\" content=\"index, follow, max-snippet:-1, max-image-preview:large, max-video-preview:-1\" \/>\n<link rel=\"canonical\" href=\"https:\/\/loggiadellerondini.com\/?page_id=11\" \/>\n<meta property=\"og:locale\" content=\"it_IT\" \/>\n<meta property=\"og:type\" content=\"article\" \/>\n<meta property=\"og:title\" content=\"Appartamenti - Loggia delle Rondini\" \/>\n<meta property=\"og:description\" content=\"AppartamentiL&#039; Agriturismo Loggia delle Rondini \u00e9 composto da appartamenti di diverse metrature che possono soddisfare esigenze diverse; qui arredi curati ed ambienti accoglienti sono messi a disposizione dei nostri ospiti. Un grazioso giardino con bella vista sull\u2019azzurro mare, in cui trascorrere tranquillamente alcuni momenti della giornata, \u00e8 a disposizione di chi preferisce restare ad assaporare [&hellip;]\" \/>\n<meta property=\"og:url\" content=\"https:\/\/loggiadellerondini.com\/?page_id=11\" \/>\n<meta property=\"og:site_name\" content=\"Loggia delle Rondini\" \/>\n<meta property=\"article:modified_time\" content=\"2021-02-23T18:51:50+00:00\" \/>\n<meta name=\"twitter:card\" content=\"summary_large_image\" \/>\n<script type=\"application\/ld+json\" class=\"yoast-schema-graph\">{\"@context\":\"https:\\\/\\\/schema.org\",\"@graph\":[{\"@type\":\"WebPage\",\"@id\":\"https:\\\/\\\/loggiadellerondini.com\\\/?page_id=11\",\"url\":\"https:\\\/\\\/loggiadellerondini.com\\\/?page_id=11\",\"name\":\"Appartamenti - Loggia delle Rondini\",\"isPartOf\":{\"@id\":\"https:\\\/\\\/loggiadellerondini.com\\\/#website\"},\"datePublished\":\"2021-02-02T15:43:02+00:00\",\"dateModified\":\"2021-02-23T18:51:50+00:00\",\"breadcrumb\":{\"@id\":\"https:\\\/\\\/loggiadellerondini.com\\\/?page_id=11#breadcrumb\"},\"inLanguage\":\"it-IT\",\"potentialAction\":[{\"@type\":\"ReadAction\",\"target\":[\"https:\\\/\\\/loggiadellerondini.com\\\/?page_id=11\"]}]},{\"@type\":\"BreadcrumbList\",\"@id\":\"https:\\\/\\\/loggiadellerondini.com\\\/?page_id=11#breadcrumb\",\"itemListElement\":[{\"@type\":\"ListItem\",\"position\":1,\"name\":\"Home\",\"item\":\"https:\\\/\\\/loggiadellerondini.com\\\/\"},{\"@type\":\"ListItem\",\"position\":2,\"name\":\"Appartamenti\"}]},{\"@type\":\"WebSite\",\"@id\":\"https:\\\/\\\/loggiadellerondini.com\\\/#website\",\"url\":\"https:\\\/\\\/loggiadellerondini.com\\\/\",\"name\":\"Loggia delle Rondini\",\"description\":\"Agriturismo\",\"potentialAction\":[{\"@type\":\"SearchAction\",\"target\":{\"@type\":\"EntryPoint\",\"urlTemplate\":\"https:\\\/\\\/loggiadellerondini.com\\\/?s={search_term_string}\"},\"query-input\":{\"@type\":\"PropertyValueSpecification\",\"valueRequired\":true,\"valueName\":\"search_term_string\"}}],\"inLanguage\":\"it-IT\"}]}<\/script>\n<!-- \/ Yoast SEO plugin. -->","yoast_head_json":{"title":"Appartamenti - Loggia delle Rondini","robots":{"index":"index","follow":"follow","max-snippet":"max-snippet:-1","max-image-preview":"max-image-preview:large","max-video-preview":"max-video-preview:-1"},"canonical":"https:\/\/loggiadellerondini.com\/?page_id=11","og_locale":"it_IT","og_type":"article","og_title":"Appartamenti - Loggia delle Rondini","og_description":"AppartamentiL' Agriturismo Loggia delle Rondini \u00e9 composto da appartamenti di diverse metrature che possono soddisfare esigenze diverse; qui arredi curati ed ambienti accoglienti sono messi a disposizione dei nostri ospiti. Un grazioso giardino con bella vista sull\u2019azzurro mare, in cui trascorrere tranquillamente alcuni momenti della giornata, \u00e8 a disposizione di chi preferisce restare ad assaporare [&hellip;]","og_url":"https:\/\/loggiadellerondini.com\/?page_id=11","og_site_name":"Loggia delle Rondini","article_modified_time":"2021-02-23T18:51:50+00:00","twitter_card":"summary_large_image","schema":{"@context":"https:\/\/schema.org","@graph":[{"@type":"WebPage","@id":"https:\/\/loggiadellerondini.com\/?page_id=11","url":"https:\/\/loggiadellerondini.com\/?page_id=11","name":"Appartamenti - Loggia delle Rondini","isPartOf":{"@id":"https:\/\/loggiadellerondini.com\/#website"},"datePublished":"2021-02-02T15:43:02+00:00","dateModified":"2021-02-23T18:51:50+00:00","breadcrumb":{"@id":"https:\/\/loggiadellerondini.com\/?page_id=11#breadcrumb"},"inLanguage":"it-IT","potentialAction":[{"@type":"ReadAction","target":["https:\/\/loggiadellerondini.com\/?page_id=11"]}]},{"@type":"BreadcrumbList","@id":"https:\/\/loggiadellerondini.com\/?page_id=11#breadcrumb","itemListElement":[{"@type":"ListItem","position":1,"name":"Home","item":"https:\/\/loggiadellerondini.com\/"},{"@type":"ListItem","position":2,"name":"Appartamenti"}]},{"@type":"WebSite","@id":"https:\/\/loggiadellerondini.com\/#website","url":"https:\/\/loggiadellerondini.com\/","name":"Loggia delle Rondini","description":"Agriturismo","potentialAction":[{"@type":"SearchAction","target":{"@type":"EntryPoint","urlTemplate":"https:\/\/loggiadellerondini.com\/?s={search_term_string}"},"query-input":{"@type":"PropertyValueSpecification","valueRequired":true,"valueName":"search_term_string"}}],"inLanguage":"it-IT"}]}},"jetpack_sharing_enabled":true,"_links":{"self":[{"href":"https:\/\/loggiadellerondini.com\/index.php?rest_route=\/wp\/v2\/pages\/11","targetHints":{"allow":["GET"]}}],"collection":[{"href":"https:\/\/loggiadellerondini.com\/index.php?rest_route=\/wp\/v2\/pages"}],"about":[{"href":"https:\/\/loggiadellerondini.com\/index.php?rest_route=\/wp\/v2\/types\/page"}],"author":[{"embeddable":true,"href":"https:\/\/loggiadellerondini.com\/index.php?rest_route=\/wp\/v2\/users\/1"}],"replies":[{"embeddable":true,"href":"https:\/\/loggiadellerondini.com\/index.php?rest_route=%2Fwp%2Fv2%2Fcomments&post=11"}],"version-history":[{"count":34,"href":"https:\/\/loggiadellerondini.com\/index.php?rest_route=\/wp\/v2\/pages\/11\/revisions"}],"predecessor-version":[{"id":1066,"href":"https:\/\/loggiadellerondini.com\/index.php?rest_route=\/wp\/v2\/pages\/11\/revisions\/1066"}],"wp:attachment":[{"href":"https:\/\/loggiadellerondini.com\/index.php?rest_route=%2Fwp%2Fv2%2Fmedia&parent=11"}],"curies":[{"name":"wp","href":"https:\/\/api.w.org\/{rel}","templated":true}]}}