{"id":33,"date":"2021-02-02T15:54:26","date_gmt":"2021-02-02T15:54:26","guid":{"rendered":"https:\/\/loggiadellerondini.com\/?page_id=33"},"modified":"2021-03-13T19:18:26","modified_gmt":"2021-03-13T19:18:26","slug":"volta","status":"publish","type":"page","link":"https:\/\/loggiadellerondini.com\/?page_id=33","title":{"rendered":"Volta"},"content":{"rendered":"<p>[et_pb_section fb_built=&#8221;1&#8243; fullwidth=&#8221;on&#8221; _builder_version=&#8221;4.8.2&#8243; _module_preset=&#8221;default&#8221;][et_pb_fullwidth_slider module_class=&#8221;et_fullscreen_slider&#8221; _builder_version=&#8221;4.8.2&#8243; _module_preset=&#8221;default&#8221; background_image=&#8221;https:\/\/loggiadellerondini.com\/wp-content\/uploads\/2021\/02\/28-bis-4-scaled.jpg&#8221; custom_button=&#8221;on&#8221; button_text_size=&#8221;20px&#8221; button_border_width=&#8221;0.5px&#8221; button_border_radius=&#8221;24px&#8221; min_height=&#8221;570.5px&#8221; locked=&#8221;off&#8221;][et_pb_slide _builder_version=&#8221;4.8.2&#8243; _module_preset=&#8221;default&#8221; background_color=&#8221;#FFFFFF&#8221; background_enable_color=&#8221;on&#8221; background_image=&#8221;https:\/\/loggiadellerondini.com\/wp-content\/uploads\/2021\/02\/Loggia-delle-Rondini-_-Appartamento-Frantoio-4.jpg&#8221; background_enable_image=&#8221;on&#8221; locked=&#8221;off&#8221; sticky_transition=&#8221;on&#8221;][\/et_pb_slide][\/et_pb_fullwidth_slider][\/et_pb_section][et_pb_section fb_built=&#8221;1&#8243; _builder_version=&#8221;4.8.2&#8243; _module_preset=&#8221;default&#8221; min_height=&#8221;24px&#8221; custom_margin=&#8221;||18px|||&#8221; custom_padding=&#8221;28px||0px|||&#8221; locked=&#8221;off&#8221;][et_pb_row _builder_version=&#8221;4.8.2&#8243; _module_preset=&#8221;default&#8221; width=&#8221;52.2%&#8221; min_height=&#8221;56px&#8221; custom_padding=&#8221;||4px|||&#8221;][et_pb_column type=&#8221;4_4&#8243; _builder_version=&#8221;4.8.2&#8243; _module_preset=&#8221;default&#8221;][et_pb_text _builder_version=&#8221;4.8.2&#8243; _module_preset=&#8221;default&#8221; text_text_color=&#8221;#000000&#8243; header_text_color=&#8221;#414141&#8243; header_2_font=&#8221;Playfair Display|700|||||||&#8221; header_2_text_color=&#8221;#000000&#8243; header_2_font_size=&#8221;24px&#8221; width=&#8221;100%&#8221; min_height=&#8221;16px&#8221; custom_margin=&#8221;|||-3px||&#8221; custom_padding=&#8221;0px||4px|||&#8221; border_width_bottom=&#8221;0.25px&#8221; border_color_bottom=&#8221;#414141&#8243;]<\/p>\n<h2 class=\"font_0\" style=\"text-align: center;\">Volta<\/h2>\n<p>[\/et_pb_text][\/et_pb_column][\/et_pb_row][\/et_pb_section][et_pb_section fb_built=&#8221;1&#8243; _builder_version=&#8221;4.8.2&#8243; _module_preset=&#8221;default&#8221; locked=&#8221;off&#8221;][et_pb_row _builder_version=&#8221;4.8.2&#8243; _module_preset=&#8221;default&#8221; custom_padding=&#8221;0px||17px|||&#8221;][et_pb_column type=&#8221;4_4&#8243; _builder_version=&#8221;4.8.2&#8243; _module_preset=&#8221;default&#8221;][et_pb_text _builder_version=&#8221;4.8.2&#8243; _module_preset=&#8221;default&#8221; text_font=&#8221;Playfair Display||||||||&#8221; text_font_size=&#8221;16px&#8221; header_line_height=&#8221;-0.2em&#8221; header_5_font=&#8221;Playfair Display||||||||&#8221; header_5_text_color=&#8221;#000000&#8243; header_5_line_height=&#8221;1.5em&#8221; min_height=&#8221;73px&#8221; custom_margin=&#8221;5px|||||&#8221; custom_padding=&#8221;11px|||||&#8221; header_5_font_size_tablet=&#8221;&#8221; header_5_font_size_phone=&#8221;14px&#8221; header_5_font_size_last_edited=&#8221;on|phone&#8221;]<\/p>\n<h5 style=\"text-align: center;\">La nostra struttura si trova in un borgo tradizionale della Riviera di Ponente, immerso tra uliveti secolari e una fantastica pineta.<\/h5>\n<h5 style=\"text-align: center;\">Ideale per chi desideri riscoprire l&#8217;autencit\u00e0 che solo un piccolo centro rurale pu\u00f2 ancora offrire e per chi aspiri a trascorrere un soggiorno nella totale tranquillit\u00e0. La splendida vista e la vicinanza al mare renderanno questo luogo la meta perfetta per le vostre vacanze!<\/h5>\n<p>[\/et_pb_text][\/et_pb_column][\/et_pb_row][\/et_pb_section][et_pb_section fb_built=&#8221;1&#8243; _builder_version=&#8221;4.8.2&#8243; _module_preset=&#8221;default&#8221; background_color=&#8221;RGBA(0,0,0,0)&#8221; custom_padding=&#8221;4px||5px|||&#8221;][et_pb_row _builder_version=&#8221;4.8.2&#8243; _module_preset=&#8221;default&#8221; custom_padding=&#8221;50px|||||&#8221;][et_pb_column type=&#8221;4_4&#8243; _builder_version=&#8221;4.8.2&#8243; _module_preset=&#8221;default&#8221;][et_pb_text _builder_version=&#8221;4.8.2&#8243; _module_preset=&#8221;default&#8221; text_font=&#8221;Playfair Display||||||||&#8221; text_text_color=&#8221;#000000&#8243; text_font_size=&#8221;16px&#8221; text_line_height=&#8221;1.5em&#8221; header_line_height=&#8221;1.5em&#8221; text_font_size_tablet=&#8221;&#8221; text_font_size_phone=&#8221;14px&#8221; text_font_size_last_edited=&#8221;on|phone&#8221; header_font_size_tablet=&#8221;&#8221; header_font_size_phone=&#8221;14px&#8221; header_font_size_last_edited=&#8221;on|phone&#8221;]<\/p>\n<p style=\"text-align: center;\"><span>Questo appartamento con le sue due camere da letto molto luminose e soleggiate, il salotto con divano letto matrimoniale,la sua grande cucina lo rendono adatto anche per una famiglia pi\u00f9 numerosa o a chi ama spazi pi\u00f9 ampi.<\/span><\/p>\n<p style=\"text-align: center;\"><span>La bella vista sul mare render\u00e0 sempre piacevole il vostro risveglio.<\/span><\/p>\n<p>[\/et_pb_text][\/et_pb_column][\/et_pb_row][\/et_pb_section][et_pb_section fb_built=&#8221;1&#8243; _builder_version=&#8221;4.8.2&#8243; _module_preset=&#8221;default&#8221; background_color=&#8221;RGBA(0,0,0,0)&#8221; min_height=&#8221;160px&#8221; custom_padding=&#8221;0px||0px|||&#8221; locked=&#8221;off&#8221;][et_pb_row _builder_version=&#8221;4.8.2&#8243; _module_preset=&#8221;default&#8221; custom_padding=&#8221;52px|||||&#8221;][et_pb_column type=&#8221;4_4&#8243; _builder_version=&#8221;4.8.2&#8243; _module_preset=&#8221;default&#8221;][et_pb_button button_url=&#8221;https:\/\/loggiadellerondini.com\/?page_id=252&#038;et_fb=1&#038;PageSpeed=off&#8221; button_text=&#8221;PRENOTA&#8221; button_alignment=&#8221;center&#8221; _builder_version=&#8221;4.8.2&#8243; _module_preset=&#8221;default&#8221; custom_button=&#8221;on&#8221; button_text_size=&#8221;14px&#8221; button_text_color=&#8221;#000000&#8243; button_border_width=&#8221;1px&#8221; button_border_color=&#8221;#414141&#8243; button_border_radius=&#8221;0px&#8221; button_font=&#8221;Playfair Display||||||||&#8221; button_use_icon=&#8221;off&#8221; custom_padding=&#8221;0px|||||&#8221;][\/et_pb_button][\/et_pb_column][\/et_pb_row][\/et_pb_section][et_pb_section fb_built=&#8221;1&#8243; _builder_version=&#8221;4.8.2&#8243; _module_preset=&#8221;default&#8221; background_color=&#8221;RGBA(0,0,0,0)&#8221; custom_margin=&#8221;||-26px|||&#8221;][et_pb_row column_structure=&#8221;1_6,1_6,1_6,1_6,1_6,1_6&#8243; _builder_version=&#8221;4.8.2&#8243; _module_preset=&#8221;default&#8221; width=&#8221;100%&#8221; width_tablet=&#8221;&#8221; width_phone=&#8221;50%&#8221; width_last_edited=&#8221;on|phone&#8221; custom_padding=&#8221;|||0px||&#8221;][et_pb_column type=&#8221;1_6&#8243; _builder_version=&#8221;4.8.2&#8243; _module_preset=&#8221;default&#8221;][et_pb_blurb title=&#8221;Wi-fi&#8221; image=&#8221;https:\/\/loggiadellerondini.com\/wp-content\/uploads\/2021\/02\/wifi.png&#8221; image_max_width=&#8221;25%&#8221; _builder_version=&#8221;4.8.2&#8243; _module_preset=&#8221;default&#8221; header_font=&#8221;Playfair Display||||||||&#8221; header_text_align=&#8221;center&#8221; header_text_color=&#8221;#000000&#8243; header_font_size=&#8221;16px&#8221;][\/et_pb_blurb][\/et_pb_column][et_pb_column type=&#8221;1_6&#8243; _builder_version=&#8221;4.8.2&#8243; _module_preset=&#8221;default&#8221;][et_pb_blurb title=&#8221;Tv Satellitare&#8221; image=&#8221;https:\/\/loggiadellerondini.com\/wp-content\/uploads\/2021\/02\/tv.png&#8221; image_max_width=&#8221;25%&#8221; _builder_version=&#8221;4.8.2&#8243; _module_preset=&#8221;default&#8221; header_font=&#8221;Playfair Display||||||||&#8221; header_text_align=&#8221;center&#8221; header_text_color=&#8221;#000000&#8243; header_font_size=&#8221;16px&#8221;][\/et_pb_blurb][\/et_pb_column][et_pb_column type=&#8221;1_6&#8243; _builder_version=&#8221;4.8.2&#8243; _module_preset=&#8221;default&#8221;][et_pb_blurb title=&#8221;Lavanderia&#8221; image=&#8221;https:\/\/loggiadellerondini.com\/wp-content\/uploads\/2021\/02\/washing-machine.png&#8221; image_max_width=&#8221;25%&#8221; _builder_version=&#8221;4.8.2&#8243; _module_preset=&#8221;default&#8221; header_font=&#8221;Playfair Display||||||||&#8221; header_text_align=&#8221;center&#8221; header_text_color=&#8221;#000000&#8243; header_font_size=&#8221;16px&#8221;][\/et_pb_blurb][\/et_pb_column][et_pb_column type=&#8221;1_6&#8243; _builder_version=&#8221;4.8.2&#8243; _module_preset=&#8221;default&#8221;][et_pb_blurb title=&#8221;Giardino comune&#8221; image=&#8221;https:\/\/loggiadellerondini.com\/wp-content\/uploads\/2021\/02\/park.png&#8221; image_max_width=&#8221;30%&#8221; _builder_version=&#8221;4.8.2&#8243; _module_preset=&#8221;default&#8221; header_font=&#8221;Playfair Display||||||||&#8221; header_text_align=&#8221;center&#8221; header_text_color=&#8221;#000000&#8243; header_font_size=&#8221;16px&#8221; locked=&#8221;off&#8221;][\/et_pb_blurb][\/et_pb_column][et_pb_column type=&#8221;1_6&#8243; _builder_version=&#8221;4.8.2&#8243; _module_preset=&#8221;default&#8221;][et_pb_blurb title=&#8221;Max. 6 Persone&#8221; image=&#8221;https:\/\/loggiadellerondini.com\/wp-content\/uploads\/2021\/02\/group.png&#8221; image_max_width=&#8221;25%&#8221; _builder_version=&#8221;4.8.2&#8243; _module_preset=&#8221;default&#8221; header_font=&#8221;Playfair Display||||||||&#8221; header_text_align=&#8221;center&#8221; header_text_color=&#8221;#000000&#8243; header_font_size=&#8221;16px&#8221; locked=&#8221;off&#8221;][\/et_pb_blurb][\/et_pb_column][et_pb_column type=&#8221;1_6&#8243; _builder_version=&#8221;4.8.2&#8243; _module_preset=&#8221;default&#8221;][et_pb_blurb title=&#8221;Panorama&#8221; image=&#8221;https:\/\/loggiadellerondini.com\/wp-content\/uploads\/2021\/02\/binoculars.png&#8221; image_max_width=&#8221;25%&#8221; _builder_version=&#8221;4.8.2&#8243; _module_preset=&#8221;default&#8221; header_font=&#8221;Playfair Display||||||||&#8221; header_text_align=&#8221;center&#8221; header_text_color=&#8221;#000000&#8243; header_font_size=&#8221;16px&#8221; locked=&#8221;off&#8221;][\/et_pb_blurb][\/et_pb_column][\/et_pb_row][\/et_pb_section][et_pb_section fb_built=&#8221;1&#8243; _builder_version=&#8221;4.8.2&#8243; _module_preset=&#8221;default&#8221; background_color=&#8221;rgba(0,0,0,0.03)&#8221; min_height=&#8221;536px&#8221; custom_padding=&#8221;55px|||||&#8221;][et_pb_row column_structure=&#8221;1_2,1_2&#8243; use_custom_gutter=&#8221;on&#8221; gutter_width=&#8221;2&#8243; make_equal=&#8221;on&#8221; _builder_version=&#8221;4.8.2&#8243; _module_preset=&#8221;default&#8221; width=&#8221;74%&#8221; max_width=&#8221;1067px&#8221; min_height=&#8221;370px&#8221; custom_margin=&#8221;-54px|auto||auto||&#8221; motion_trigger_start=&#8221;top&#8221;][et_pb_column type=&#8221;1_2&#8243; _builder_version=&#8221;4.8.2&#8243; _module_preset=&#8221;default&#8221;][et_pb_gallery gallery_ids=&#8221;523,524,519&#8243; fullwidth=&#8221;on&#8221; _builder_version=&#8221;4.8.2&#8243; _module_preset=&#8221;default&#8221; background_layout=&#8221;dark&#8221; width=&#8221;91%&#8221; max_width=&#8221;91%&#8221; module_alignment=&#8221;center&#8221;][\/et_pb_gallery][\/et_pb_column][et_pb_column type=&#8221;1_2&#8243; _builder_version=&#8221;4.8.2&#8243; _module_preset=&#8221;default&#8221;][et_pb_gallery gallery_ids=&#8221;525,518,517&#8243; fullwidth=&#8221;on&#8221; _builder_version=&#8221;4.8.2&#8243; _module_preset=&#8221;default&#8221; background_layout=&#8221;dark&#8221; locked=&#8221;off&#8221;][\/et_pb_gallery][et_pb_gallery gallery_ids=&#8221;522,526,865,864,866&#8243; fullwidth=&#8221;on&#8221; _builder_version=&#8221;4.8.2&#8243; _module_preset=&#8221;default&#8221; background_layout=&#8221;dark&#8221; locked=&#8221;off&#8221;][\/et_pb_gallery][\/et_pb_column][\/et_pb_row][\/et_pb_section]<\/p>\n","protected":false},"excerpt":{"rendered":"<p>VoltaLa nostra struttura si trova in un borgo tradizionale della Riviera di Ponente, immerso tra uliveti secolari e una fantastica pineta. Ideale per chi desideri riscoprire l&#8217;autencit\u00e0 che solo un piccolo centro rurale pu\u00f2 ancora offrire e per chi aspiri a trascorrere un soggiorno nella totale tranquillit\u00e0. La splendida vista e la vicinanza al mare [&hellip;]<\/p>\n","protected":false},"author":1,"featured_media":0,"parent":0,"menu_order":0,"comment_status":"closed","ping_status":"closed","template":"","meta":{"_et_pb_use_builder":"on","_et_pb_old_content":"<!-- wp:divi\/placeholder \/-->","_et_gb_content_width":"","footnotes":""},"class_list":["post-33","page","type-page","status-publish","hentry"],"yoast_head":"<!-- This site is optimized with the Yoast SEO plugin v27.4 - https:\/\/yoast.com\/product\/yoast-seo-wordpress\/ -->\n<title>Volta - Loggia delle Rondini<\/title>\n<meta name=\"robots\" content=\"index, follow, max-snippet:-1, max-image-preview:large, max-video-preview:-1\" \/>\n<link rel=\"canonical\" href=\"https:\/\/loggiadellerondini.com\/?page_id=33\" \/>\n<meta property=\"og:locale\" content=\"it_IT\" \/>\n<meta property=\"og:type\" content=\"article\" \/>\n<meta property=\"og:title\" content=\"Volta - Loggia delle Rondini\" \/>\n<meta property=\"og:description\" content=\"VoltaLa nostra struttura si trova in un borgo tradizionale della Riviera di Ponente, immerso tra uliveti secolari e una fantastica pineta. Ideale per chi desideri riscoprire l&#039;autencit\u00e0 che solo un piccolo centro rurale pu\u00f2 ancora offrire e per chi aspiri a trascorrere un soggiorno nella totale tranquillit\u00e0. La splendida vista e la vicinanza al mare [&hellip;]\" \/>\n<meta property=\"og:url\" content=\"https:\/\/loggiadellerondini.com\/?page_id=33\" \/>\n<meta property=\"og:site_name\" content=\"Loggia delle Rondini\" \/>\n<meta property=\"article:modified_time\" content=\"2021-03-13T19:18:26+00:00\" \/>\n<meta name=\"twitter:card\" content=\"summary_large_image\" \/>\n<script type=\"application\/ld+json\" class=\"yoast-schema-graph\">{\"@context\":\"https:\\\/\\\/schema.org\",\"@graph\":[{\"@type\":\"WebPage\",\"@id\":\"https:\\\/\\\/loggiadellerondini.com\\\/?page_id=33\",\"url\":\"https:\\\/\\\/loggiadellerondini.com\\\/?page_id=33\",\"name\":\"Volta - Loggia delle Rondini\",\"isPartOf\":{\"@id\":\"https:\\\/\\\/loggiadellerondini.com\\\/#website\"},\"datePublished\":\"2021-02-02T15:54:26+00:00\",\"dateModified\":\"2021-03-13T19:18:26+00:00\",\"breadcrumb\":{\"@id\":\"https:\\\/\\\/loggiadellerondini.com\\\/?page_id=33#breadcrumb\"},\"inLanguage\":\"it-IT\",\"potentialAction\":[{\"@type\":\"ReadAction\",\"target\":[\"https:\\\/\\\/loggiadellerondini.com\\\/?page_id=33\"]}]},{\"@type\":\"BreadcrumbList\",\"@id\":\"https:\\\/\\\/loggiadellerondini.com\\\/?page_id=33#breadcrumb\",\"itemListElement\":[{\"@type\":\"ListItem\",\"position\":1,\"name\":\"Home\",\"item\":\"https:\\\/\\\/loggiadellerondini.com\\\/\"},{\"@type\":\"ListItem\",\"position\":2,\"name\":\"Volta\"}]},{\"@type\":\"WebSite\",\"@id\":\"https:\\\/\\\/loggiadellerondini.com\\\/#website\",\"url\":\"https:\\\/\\\/loggiadellerondini.com\\\/\",\"name\":\"Loggia delle Rondini\",\"description\":\"Agriturismo\",\"potentialAction\":[{\"@type\":\"SearchAction\",\"target\":{\"@type\":\"EntryPoint\",\"urlTemplate\":\"https:\\\/\\\/loggiadellerondini.com\\\/?s={search_term_string}\"},\"query-input\":{\"@type\":\"PropertyValueSpecification\",\"valueRequired\":true,\"valueName\":\"search_term_string\"}}],\"inLanguage\":\"it-IT\"}]}<\/script>\n<!-- \/ Yoast SEO plugin. -->","yoast_head_json":{"title":"Volta - Loggia delle Rondini","robots":{"index":"index","follow":"follow","max-snippet":"max-snippet:-1","max-image-preview":"max-image-preview:large","max-video-preview":"max-video-preview:-1"},"canonical":"https:\/\/loggiadellerondini.com\/?page_id=33","og_locale":"it_IT","og_type":"article","og_title":"Volta - Loggia delle Rondini","og_description":"VoltaLa nostra struttura si trova in un borgo tradizionale della Riviera di Ponente, immerso tra uliveti secolari e una fantastica pineta. Ideale per chi desideri riscoprire l'autencit\u00e0 che solo un piccolo centro rurale pu\u00f2 ancora offrire e per chi aspiri a trascorrere un soggiorno nella totale tranquillit\u00e0. La splendida vista e la vicinanza al mare [&hellip;]","og_url":"https:\/\/loggiadellerondini.com\/?page_id=33","og_site_name":"Loggia delle Rondini","article_modified_time":"2021-03-13T19:18:26+00:00","twitter_card":"summary_large_image","schema":{"@context":"https:\/\/schema.org","@graph":[{"@type":"WebPage","@id":"https:\/\/loggiadellerondini.com\/?page_id=33","url":"https:\/\/loggiadellerondini.com\/?page_id=33","name":"Volta - Loggia delle Rondini","isPartOf":{"@id":"https:\/\/loggiadellerondini.com\/#website"},"datePublished":"2021-02-02T15:54:26+00:00","dateModified":"2021-03-13T19:18:26+00:00","breadcrumb":{"@id":"https:\/\/loggiadellerondini.com\/?page_id=33#breadcrumb"},"inLanguage":"it-IT","potentialAction":[{"@type":"ReadAction","target":["https:\/\/loggiadellerondini.com\/?page_id=33"]}]},{"@type":"BreadcrumbList","@id":"https:\/\/loggiadellerondini.com\/?page_id=33#breadcrumb","itemListElement":[{"@type":"ListItem","position":1,"name":"Home","item":"https:\/\/loggiadellerondini.com\/"},{"@type":"ListItem","position":2,"name":"Volta"}]},{"@type":"WebSite","@id":"https:\/\/loggiadellerondini.com\/#website","url":"https:\/\/loggiadellerondini.com\/","name":"Loggia delle Rondini","description":"Agriturismo","potentialAction":[{"@type":"SearchAction","target":{"@type":"EntryPoint","urlTemplate":"https:\/\/loggiadellerondini.com\/?s={search_term_string}"},"query-input":{"@type":"PropertyValueSpecification","valueRequired":true,"valueName":"search_term_string"}}],"inLanguage":"it-IT"}]}},"jetpack_sharing_enabled":true,"_links":{"self":[{"href":"https:\/\/loggiadellerondini.com\/index.php?rest_route=\/wp\/v2\/pages\/33","targetHints":{"allow":["GET"]}}],"collection":[{"href":"https:\/\/loggiadellerondini.com\/index.php?rest_route=\/wp\/v2\/pages"}],"about":[{"href":"https:\/\/loggiadellerondini.com\/index.php?rest_route=\/wp\/v2\/types\/page"}],"author":[{"embeddable":true,"href":"https:\/\/loggiadellerondini.com\/index.php?rest_route=\/wp\/v2\/users\/1"}],"replies":[{"embeddable":true,"href":"https:\/\/loggiadellerondini.com\/index.php?rest_route=%2Fwp%2Fv2%2Fcomments&post=33"}],"version-history":[{"count":19,"href":"https:\/\/loggiadellerondini.com\/index.php?rest_route=\/wp\/v2\/pages\/33\/revisions"}],"predecessor-version":[{"id":1542,"href":"https:\/\/loggiadellerondini.com\/index.php?rest_route=\/wp\/v2\/pages\/33\/revisions\/1542"}],"wp:attachment":[{"href":"https:\/\/loggiadellerondini.com\/index.php?rest_route=%2Fwp%2Fv2%2Fmedia&parent=33"}],"curies":[{"name":"wp","href":"https:\/\/api.w.org\/{rel}","templated":true}]}}